{"id":9309,"date":"2020-06-15T15:43:16","date_gmt":"2020-06-15T19:43:16","guid":{"rendered":"https:\/\/www.nationalfoodshop.ca\/?post_type=product&#038;p=9309"},"modified":"2024-11-15T12:02:01","modified_gmt":"2024-11-15T17:02:01","slug":"liberte-creme-fraiche-40-250","status":"publish","type":"product","link":"https:\/\/www.nationalfoodshop.ca\/fr\/produit\/liberte-creme-fraiche-40-250\/","title":{"rendered":"Libert\u00e9 Cr\u00e8me Fra\u00eeche &#8211; 40% &#8211; 250mL"},"content":{"rendered":"","protected":false},"excerpt":{"rendered":"<p>Libert\u00e9 Cr\u00e8me Fra\u00eeche &#8211; 40% M.G. &#8211; 250mL<\/p>","protected":false},"featured_media":21514,"template":"","meta":[],"product_brand":[],"product_cat":[236,38],"product_tag":[],"class_list":{"0":"post-9309","1":"product","2":"type-product","3":"status-publish","4":"has-post-thumbnail","6":"product_cat-cheese-dairy-eggs","7":"product_cat-groceries","8":"blog_entry clearfix","10":"first","11":"outofstock","12":"purchasable","13":"product-type-simple"},"_links":{"self":[{"href":"https:\/\/www.nationalfoodshop.ca\/fr\/wp-json\/wp\/v2\/product\/9309","targetHints":{"allow":["GET"]}}],"collection":[{"href":"https:\/\/www.nationalfoodshop.ca\/fr\/wp-json\/wp\/v2\/product"}],"about":[{"href":"https:\/\/www.nationalfoodshop.ca\/fr\/wp-json\/wp\/v2\/types\/product"}],"wp:featuredmedia":[{"embeddable":true,"href":"https:\/\/www.nationalfoodshop.ca\/fr\/wp-json\/wp\/v2\/media\/21514"}],"wp:attachment":[{"href":"https:\/\/www.nationalfoodshop.ca\/fr\/wp-json\/wp\/v2\/media?parent=9309"}],"wp:term":[{"taxonomy":"product_brand","embeddable":true,"href":"https:\/\/www.nationalfoodshop.ca\/fr\/wp-json\/wp\/v2\/product_brand?post=9309"},{"taxonomy":"product_cat","embeddable":true,"href":"https:\/\/www.nationalfoodshop.ca\/fr\/wp-json\/wp\/v2\/product_cat?post=9309"},{"taxonomy":"product_tag","embeddable":true,"href":"https:\/\/www.nationalfoodshop.ca\/fr\/wp-json\/wp\/v2\/product_tag?post=9309"}],"curies":[{"name":"wp","href":"https:\/\/api.w.org\/{rel}","templated":true}]}}