{"id":3053,"date":"2020-01-20T10:47:06","date_gmt":"2020-01-20T15:47:06","guid":{"rendered":"https:\/\/www.nationalfoodshop.ca\/?post_type=product&#038;p=3053"},"modified":"2024-11-15T12:04:22","modified_gmt":"2024-11-15T17:04:22","slug":"bittersweet","status":"publish","type":"product","link":"https:\/\/www.nationalfoodshop.ca\/fr\/produit\/bittersweet\/","title":{"rendered":"Bittersweet Salad"},"content":{"rendered":"","protected":false},"excerpt":{"rendered":"<p>roquette, quinoa, carottes, pomme, oignons rouges, c\u00e9leri, radis, canneberges s\u00e9ch\u00e9es, amandes<\/p>\n<p>Vinaigrette: asiatique au s\u00e9same<\/p>","protected":false},"featured_media":21514,"template":"","meta":[],"product_brand":[],"product_cat":[44],"product_tag":[],"class_list":{"0":"post-3053","1":"product","2":"type-product","3":"status-publish","4":"has-post-thumbnail","6":"product_cat-salads","7":"blog_entry clearfix","9":"first","10":"outofstock","11":"taxable","12":"shipping-taxable","13":"purchasable","14":"product-type-simple"},"_links":{"self":[{"href":"https:\/\/www.nationalfoodshop.ca\/fr\/wp-json\/wp\/v2\/product\/3053","targetHints":{"allow":["GET"]}}],"collection":[{"href":"https:\/\/www.nationalfoodshop.ca\/fr\/wp-json\/wp\/v2\/product"}],"about":[{"href":"https:\/\/www.nationalfoodshop.ca\/fr\/wp-json\/wp\/v2\/types\/product"}],"wp:featuredmedia":[{"embeddable":true,"href":"https:\/\/www.nationalfoodshop.ca\/fr\/wp-json\/wp\/v2\/media\/21514"}],"wp:attachment":[{"href":"https:\/\/www.nationalfoodshop.ca\/fr\/wp-json\/wp\/v2\/media?parent=3053"}],"wp:term":[{"taxonomy":"product_brand","embeddable":true,"href":"https:\/\/www.nationalfoodshop.ca\/fr\/wp-json\/wp\/v2\/product_brand?post=3053"},{"taxonomy":"product_cat","embeddable":true,"href":"https:\/\/www.nationalfoodshop.ca\/fr\/wp-json\/wp\/v2\/product_cat?post=3053"},{"taxonomy":"product_tag","embeddable":true,"href":"https:\/\/www.nationalfoodshop.ca\/fr\/wp-json\/wp\/v2\/product_tag?post=3053"}],"curies":[{"name":"wp","href":"https:\/\/api.w.org\/{rel}","templated":true}]}}