{"id":3052,"date":"2020-01-20T10:31:56","date_gmt":"2020-01-20T15:31:56","guid":{"rendered":"https:\/\/www.nationalfoodshop.ca\/?post_type=product&#038;p=3052"},"modified":"2024-11-15T12:04:22","modified_gmt":"2024-11-15T17:04:22","slug":"hot-thai","status":"publish","type":"product","link":"https:\/\/www.nationalfoodshop.ca\/fr\/produit\/hot-thai\/","title":{"rendered":"Hot Thai Salad"},"content":{"rendered":"","protected":false},"excerpt":{"rendered":"<p>laitue romaine, laitue mixte, poulet \u00e9pic\u00e9, ma\u00efs, poivron, champignons, chou rouge, mangue, cro\u00fbtons aux nouilles asiatique<\/p>\n<p>Vinaigrette: Thai \u00e9pic\u00e9<\/p>","protected":false},"featured_media":46479,"template":"","meta":[],"product_brand":[],"product_cat":[44],"product_tag":[],"class_list":{"0":"post-3052","1":"product","2":"type-product","3":"status-publish","4":"has-post-thumbnail","6":"product_cat-salads","7":"blog_entry clearfix","9":"first","10":"instock","11":"taxable","12":"shipping-taxable","13":"purchasable","14":"product-type-simple"},"_links":{"self":[{"href":"https:\/\/www.nationalfoodshop.ca\/fr\/wp-json\/wp\/v2\/product\/3052","targetHints":{"allow":["GET"]}}],"collection":[{"href":"https:\/\/www.nationalfoodshop.ca\/fr\/wp-json\/wp\/v2\/product"}],"about":[{"href":"https:\/\/www.nationalfoodshop.ca\/fr\/wp-json\/wp\/v2\/types\/product"}],"wp:featuredmedia":[{"embeddable":true,"href":"https:\/\/www.nationalfoodshop.ca\/fr\/wp-json\/wp\/v2\/media\/46479"}],"wp:attachment":[{"href":"https:\/\/www.nationalfoodshop.ca\/fr\/wp-json\/wp\/v2\/media?parent=3052"}],"wp:term":[{"taxonomy":"product_brand","embeddable":true,"href":"https:\/\/www.nationalfoodshop.ca\/fr\/wp-json\/wp\/v2\/product_brand?post=3052"},{"taxonomy":"product_cat","embeddable":true,"href":"https:\/\/www.nationalfoodshop.ca\/fr\/wp-json\/wp\/v2\/product_cat?post=3052"},{"taxonomy":"product_tag","embeddable":true,"href":"https:\/\/www.nationalfoodshop.ca\/fr\/wp-json\/wp\/v2\/product_tag?post=3052"}],"curies":[{"name":"wp","href":"https:\/\/api.w.org\/{rel}","templated":true}]}}