{"id":3051,"date":"2020-01-20T10:31:51","date_gmt":"2020-01-20T15:31:51","guid":{"rendered":"https:\/\/www.nationalfoodshop.ca\/?post_type=product&#038;p=3051"},"modified":"2024-11-15T12:04:22","modified_gmt":"2024-11-15T17:04:22","slug":"mediterranean","status":"publish","type":"product","link":"https:\/\/www.nationalfoodshop.ca\/fr\/produit\/mediterranean\/","title":{"rendered":"Mediterranean Salad"},"content":{"rendered":"","protected":false},"excerpt":{"rendered":"<p>laitue romaine, b\u00e9b\u00e9 \u00e9pinard, poulet grill\u00e9, feta, coeurs d\u2019artichauts, olives, concombre, tomates cerises, oignons rouges<\/p>\n<p>Vinaigrette: basilic<\/p>","protected":false},"featured_media":46480,"template":"","meta":[],"product_brand":[],"product_cat":[44],"product_tag":[],"class_list":{"0":"post-3051","1":"product","2":"type-product","3":"status-publish","4":"has-post-thumbnail","6":"product_cat-salads","7":"blog_entry clearfix","9":"first","10":"instock","11":"taxable","12":"shipping-taxable","13":"purchasable","14":"product-type-simple"},"_links":{"self":[{"href":"https:\/\/www.nationalfoodshop.ca\/fr\/wp-json\/wp\/v2\/product\/3051","targetHints":{"allow":["GET"]}}],"collection":[{"href":"https:\/\/www.nationalfoodshop.ca\/fr\/wp-json\/wp\/v2\/product"}],"about":[{"href":"https:\/\/www.nationalfoodshop.ca\/fr\/wp-json\/wp\/v2\/types\/product"}],"wp:featuredmedia":[{"embeddable":true,"href":"https:\/\/www.nationalfoodshop.ca\/fr\/wp-json\/wp\/v2\/media\/46480"}],"wp:attachment":[{"href":"https:\/\/www.nationalfoodshop.ca\/fr\/wp-json\/wp\/v2\/media?parent=3051"}],"wp:term":[{"taxonomy":"product_brand","embeddable":true,"href":"https:\/\/www.nationalfoodshop.ca\/fr\/wp-json\/wp\/v2\/product_brand?post=3051"},{"taxonomy":"product_cat","embeddable":true,"href":"https:\/\/www.nationalfoodshop.ca\/fr\/wp-json\/wp\/v2\/product_cat?post=3051"},{"taxonomy":"product_tag","embeddable":true,"href":"https:\/\/www.nationalfoodshop.ca\/fr\/wp-json\/wp\/v2\/product_tag?post=3051"}],"curies":[{"name":"wp","href":"https:\/\/api.w.org\/{rel}","templated":true}]}}