{"id":2996,"date":"2020-01-18T15:28:29","date_gmt":"2020-01-18T20:28:29","guid":{"rendered":"https:\/\/www.nationalfoodshop.ca\/?post_type=product&#038;p=2996"},"modified":"2024-11-15T12:04:23","modified_gmt":"2024-11-15T17:04:23","slug":"classy-kale","status":"publish","type":"product","link":"https:\/\/www.nationalfoodshop.ca\/fr\/produit\/classy-kale\/","title":{"rendered":"Classy Kale Salad"},"content":{"rendered":"","protected":false},"excerpt":{"rendered":"<p>chou fris\u00e9, avocat, carottes, chou rouge, pois chiches, tomates cerises, pomme, graines de tournesol, canneberges s\u00e9ch\u00e9es<\/p>\n<p>Vinaigrette: citron et miel<\/p>","protected":false},"featured_media":46486,"template":"","meta":[],"product_brand":[],"product_cat":[44],"product_tag":[],"class_list":{"0":"post-2996","1":"product","2":"type-product","3":"status-publish","4":"has-post-thumbnail","6":"product_cat-salads","7":"blog_entry clearfix","9":"first","10":"instock","11":"taxable","12":"shipping-taxable","13":"purchasable","14":"product-type-simple"},"_links":{"self":[{"href":"https:\/\/www.nationalfoodshop.ca\/fr\/wp-json\/wp\/v2\/product\/2996","targetHints":{"allow":["GET"]}}],"collection":[{"href":"https:\/\/www.nationalfoodshop.ca\/fr\/wp-json\/wp\/v2\/product"}],"about":[{"href":"https:\/\/www.nationalfoodshop.ca\/fr\/wp-json\/wp\/v2\/types\/product"}],"wp:featuredmedia":[{"embeddable":true,"href":"https:\/\/www.nationalfoodshop.ca\/fr\/wp-json\/wp\/v2\/media\/46486"}],"wp:attachment":[{"href":"https:\/\/www.nationalfoodshop.ca\/fr\/wp-json\/wp\/v2\/media?parent=2996"}],"wp:term":[{"taxonomy":"product_brand","embeddable":true,"href":"https:\/\/www.nationalfoodshop.ca\/fr\/wp-json\/wp\/v2\/product_brand?post=2996"},{"taxonomy":"product_cat","embeddable":true,"href":"https:\/\/www.nationalfoodshop.ca\/fr\/wp-json\/wp\/v2\/product_cat?post=2996"},{"taxonomy":"product_tag","embeddable":true,"href":"https:\/\/www.nationalfoodshop.ca\/fr\/wp-json\/wp\/v2\/product_tag?post=2996"}],"curies":[{"name":"wp","href":"https:\/\/api.w.org\/{rel}","templated":true}]}}