{"id":1928,"date":"2019-12-18T13:49:08","date_gmt":"2019-12-18T18:49:08","guid":{"rendered":"https:\/\/www.nationalfoodshop.ca\/?page_id=1928"},"modified":"2020-06-07T15:22:42","modified_gmt":"2020-06-07T19:22:42","slug":"apply-online","status":"publish","type":"page","link":"https:\/\/www.nationalfoodshop.ca\/fr\/apply-online\/","title":{"rendered":"Apply Online"},"content":{"rendered":"<div class=\"wpb-content-wrapper\"><div class=\"container\"><div class=\"vc_row wpb_row vc_row-fluid form_background\"><div class=\"wpb_column vc_column_container vc_col-sm-12\"><div class=\"vc_column-inner\"><div class=\"wpb_wrapper\">\n\t<div class=\"wpb_text_column wpb_content_element vc_separator3\" >\n\t\t<div class=\"wpb_wrapper\">\n\t\t\t<h2>DEMANDE D'EMPLOI EN LIGNE<\/h2>\n\n\t\t<\/div>\n\t<\/div>\n\n\t<div class=\"wpb_text_column wpb_content_element\" >\n\t\t<div class=\"wpb_wrapper\">\n\t\t\t<p><em>National<\/em> est un employeur garantissant l'\u00e9galit\u00e9 des chances. En tant que tel, nous ne discriminons aucun candidat sur la base de la race, de la couleur, de la croyance, de la religion, du sexe, de l'\u00e2ge, de l'orientation sexuelle, de l'origine nationale, de l'ascendance, du handicap ou de tout autre trait requis par les r\u00e9glementations f\u00e9d\u00e9rales, provinciales et locales.<\/p>\n\n\t\t<\/div>\n\t<\/div>\n<div class=\"vc_empty_space\"   style=\"height: 32px\"><span class=\"vc_empty_space_inner\"><\/span><\/div><div class=\"vc_row wpb_row vc_inner vc_row-fluid\"><div class=\"wpb_column vc_column_container vc_col-sm-3\"><div class=\"vc_column-inner\"><div class=\"wpb_wrapper\"><\/div><\/div><\/div><div class=\"wpb_column vc_column_container vc_col-sm-6\"><div class=\"vc_column-inner\"><div class=\"wpb_wrapper\">\n<div class=\"wpcf7 no-js\" id=\"wpcf7-f1930-o1\" lang=\"en-US\" dir=\"ltr\" data-wpcf7-id=\"1930\">\n<div class=\"screen-reader-response\"><p role=\"status\" aria-live=\"polite\" aria-atomic=\"true\"><\/p> <ul><\/ul><\/div>\n<form action=\"\/fr\/wp-json\/wp\/v2\/pages\/1928#wpcf7-f1930-o1\" method=\"post\" class=\"wpcf7-form init\" aria-label=\"Contact form\" novalidate=\"novalidate\" data-status=\"init\" data-trp-original-action=\"\/fr\/wp-json\/wp\/v2\/pages\/1928#wpcf7-f1930-o1\">\n<fieldset class=\"hidden-fields-container\"><input type=\"hidden\" name=\"_wpcf7\" value=\"1930\" \/><input type=\"hidden\" name=\"_wpcf7_version\" value=\"6.1.5\" \/><input type=\"hidden\" name=\"_wpcf7_locale\" value=\"en_US\" \/><input type=\"hidden\" name=\"_wpcf7_unit_tag\" value=\"wpcf7-f1930-o1\" \/><input type=\"hidden\" name=\"_wpcf7_container_post\" value=\"0\" \/><input type=\"hidden\" name=\"_wpcf7_posted_data_hash\" value=\"\" \/>\n<\/fieldset>\n<h2><b>RENSEIGNEMENTS PERSONNELS<\/b>\n<\/h2>\n<p><label> * Pr\u00e9nom <\/label><span class=\"wpcf7-form-control-wrap\" data-name=\"first-name\"><input size=\"40\" maxlength=\"400\" class=\"wpcf7-form-control wpcf7-text wpcf7-validates-as-required\" aria-required=\"true\" aria-invalid=\"false\" value=\"\" type=\"text\" name=\"first-name\" \/><\/span>\n<\/p>\n<p><label> * Nom <\/label><span class=\"wpcf7-form-control-wrap\" data-name=\"last-name\"><input size=\"40\" maxlength=\"400\" class=\"wpcf7-form-control wpcf7-text wpcf7-validates-as-required\" aria-required=\"true\" aria-invalid=\"false\" value=\"\" type=\"text\" name=\"last-name\" \/><\/span>\n<\/p>\n<p><label> * Adresse <\/label><span class=\"wpcf7-form-control-wrap\" data-name=\"address\"><input size=\"40\" maxlength=\"400\" class=\"wpcf7-form-control wpcf7-text wpcf7-validates-as-required\" aria-required=\"true\" aria-invalid=\"false\" value=\"\" type=\"text\" name=\"address\" \/><\/span>\n<\/p>\n<p><label> * Ville <\/label><span class=\"wpcf7-form-control-wrap\" data-name=\"city\"><input size=\"40\" maxlength=\"400\" class=\"wpcf7-form-control wpcf7-text wpcf7-validates-as-required\" aria-required=\"true\" aria-invalid=\"false\" value=\"\" type=\"text\" name=\"city\" \/><\/span>\n<\/p>\n<p><label> * Province <\/label><span class=\"wpcf7-form-control-wrap\" data-name=\"province\"><input size=\"40\" maxlength=\"400\" class=\"wpcf7-form-control wpcf7-text wpcf7-validates-as-required\" aria-required=\"true\" aria-invalid=\"false\" value=\"\" type=\"text\" name=\"province\" \/><\/span>\n<\/p>\n<p><label> * Code postal <\/label><span class=\"wpcf7-form-control-wrap\" data-name=\"postal-code\"><input size=\"40\" maxlength=\"400\" class=\"wpcf7-form-control wpcf7-text wpcf7-validates-as-required\" aria-required=\"true\" aria-invalid=\"false\" value=\"\" type=\"text\" name=\"postal-code\" \/><\/span>\n<\/p>\n<p><label> * T\u00e9l\u00e9phone <\/label><span class=\"wpcf7-form-control-wrap\" data-name=\"tel-449\"><input size=\"40\" maxlength=\"400\" class=\"wpcf7-form-control wpcf7-tel wpcf7-validates-as-required wpcf7-text wpcf7-validates-as-tel\" aria-required=\"true\" aria-invalid=\"false\" value=\"\" type=\"tel\" name=\"tel-449\" \/><\/span>\n<\/p>\n<p><label> * E-mail <\/label><span class=\"wpcf7-form-control-wrap\" data-name=\"email\"><input size=\"40\" maxlength=\"400\" class=\"wpcf7-form-control wpcf7-email wpcf7-validates-as-required wpcf7-text wpcf7-validates-as-email\" aria-required=\"true\" aria-invalid=\"false\" value=\"\" type=\"email\" name=\"email\" \/><\/span>\n<\/p>\n<p><label> * Avez-vous plus de 18 ans ? <\/label><span class=\"wpcf7-form-control-wrap\" data-name=\"radio-900\"><span class=\"wpcf7-form-control wpcf7-radio\"><span class=\"wpcf7-list-item first\"><input type=\"radio\" name=\"radio-900\" value=\"Yes\" \/><span class=\"wpcf7-list-item-label\">Oui<\/span><\/span><span class=\"wpcf7-list-item last\"><input type=\"radio\" name=\"radio-900\" value=\"No\" \/><span class=\"wpcf7-list-item-label\">Non<\/span><\/span><\/span><\/span>\n<\/p>\n<p><label> Si vous \u00eates embauch\u00e9, \u00e0 quelle date serez-vous en mesure de travailler ? <\/label><span class=\"wpcf7-form-control-wrap\" data-name=\"date-262\"><input class=\"wpcf7-form-control wpcf7-date wpcf7-validates-as-date\" aria-invalid=\"false\" value=\"\" type=\"date\" name=\"date-262\" \/><\/span>\n<\/p>\n<p><label> Connaissez-vous quelqu'un qui travaille chez National ? <\/label><span class=\"wpcf7-form-control-wrap\" data-name=\"radio-30\"><span class=\"wpcf7-form-control wpcf7-radio\"><span class=\"wpcf7-list-item first\"><input type=\"radio\" name=\"radio-30\" value=\"Yes\" \/><span class=\"wpcf7-list-item-label\">Oui<\/span><\/span><span class=\"wpcf7-list-item last\"><input type=\"radio\" name=\"radio-30\" value=\"No\" \/><span class=\"wpcf7-list-item-label\">Non<\/span><\/span><\/span><\/span>\n<\/p>\n<p><label> Nom (le cas \u00e9ch\u00e9ant) <\/label><span class=\"wpcf7-form-control-wrap\" data-name=\"referral-name\"><input size=\"40\" maxlength=\"400\" class=\"wpcf7-form-control wpcf7-text\" aria-invalid=\"false\" value=\"\" type=\"text\" name=\"referral-name\" \/><\/span>\n<\/p>\n<p><label> Relation (le cas \u00e9ch\u00e9ant) <\/label><span class=\"wpcf7-form-control-wrap\" data-name=\"referral-relation\"><input size=\"40\" maxlength=\"400\" class=\"wpcf7-form-control wpcf7-text\" aria-invalid=\"false\" value=\"\" type=\"text\" name=\"referral-relation\" \/><\/span>\n<\/p>\n<h2><b>INFORMATIONS SUR LE TRAVAIL<\/b>\n<\/h2>\n<p><label> Qu'est-ce qui a motiv\u00e9 votre candidature ? <\/label><span class=\"wpcf7-form-control-wrap\" data-name=\"menu-706\"><select class=\"wpcf7-form-control wpcf7-select\" aria-invalid=\"false\" name=\"menu-706\"><option value=\"\">&#8212;Please choose an option&#8212;<\/option><option value=\"Own Accord\">Own Accord<\/option><option value=\"Employee Referral\">Employee Referral<\/option><option value=\"Advertising\">Advertising<\/option><option value=\"Other\">Other<\/option><\/select><\/span>\n<\/p>\n<p><label> Poste(s) souhait\u00e9(s) <\/label><span class=\"wpcf7-form-control-wrap\" data-name=\"position-desired\"><input size=\"40\" maxlength=\"400\" class=\"wpcf7-form-control wpcf7-text\" aria-invalid=\"false\" value=\"\" type=\"text\" name=\"position-desired\" \/><\/span>\n<\/p>\n<p><label> Taux de r\u00e9mun\u00e9ration attendu <\/label><span class=\"wpcf7-form-control-wrap\" data-name=\"expected-pay\"><input size=\"40\" maxlength=\"400\" class=\"wpcf7-form-control wpcf7-text\" aria-invalid=\"false\" value=\"\" type=\"text\" name=\"expected-pay\" \/><\/span>\n<\/p>\n<p><label> Emploi hebdomadaire <\/label><span class=\"wpcf7-form-control-wrap\" data-name=\"checkbox-72\"><span class=\"wpcf7-form-control wpcf7-checkbox\"><span class=\"wpcf7-list-item first\"><input type=\"checkbox\" name=\"checkbox-72[]\" value=\"Full-Time\" \/><span class=\"wpcf7-list-item-label\">Temps plein<\/span><\/span><span class=\"wpcf7-list-item last\"><input type=\"checkbox\" name=\"checkbox-72[]\" value=\"Part-Time\" \/><span class=\"wpcf7-list-item-label\">Temps partiel<\/span><\/span><\/span><\/span>\n<\/p>\n<p><b>Pr\u00e9cisez les jours et les heures o\u00f9 vous \u00eates disponible pour travailler :<\/b>\n<\/p>\n<p><label> Lundi : <\/label><span class=\"wpcf7-form-control-wrap\" data-name=\"monday-hours\"><input size=\"40\" maxlength=\"400\" class=\"wpcf7-form-control wpcf7-text\" aria-invalid=\"false\" value=\"\" type=\"text\" name=\"monday-hours\" \/><\/span>\n<\/p>\n<p><label> Mardi : <\/label><span class=\"wpcf7-form-control-wrap\" data-name=\"tuesday-hours\"><input size=\"40\" maxlength=\"400\" class=\"wpcf7-form-control wpcf7-text\" aria-invalid=\"false\" value=\"\" type=\"text\" name=\"tuesday-hours\" \/><\/span>\n<\/p>\n<p><label> Mercredi : <\/label><span class=\"wpcf7-form-control-wrap\" data-name=\"wednesday-hours\"><input size=\"40\" maxlength=\"400\" class=\"wpcf7-form-control wpcf7-text\" aria-invalid=\"false\" value=\"\" type=\"text\" name=\"wednesday-hours\" \/><\/span>\n<\/p>\n<p><label> Jeudi : <\/label><span class=\"wpcf7-form-control-wrap\" data-name=\"thursday-hours\"><input size=\"40\" maxlength=\"400\" class=\"wpcf7-form-control wpcf7-text\" aria-invalid=\"false\" value=\"\" type=\"text\" name=\"thursday-hours\" \/><\/span>\n<\/p>\n<p><label> Vendredi : <\/label><span class=\"wpcf7-form-control-wrap\" data-name=\"friday-hours\"><input size=\"40\" maxlength=\"400\" class=\"wpcf7-form-control wpcf7-text\" aria-invalid=\"false\" value=\"\" type=\"text\" name=\"friday-hours\" \/><\/span>\n<\/p>\n<p>Samedi : ferm\u00e9\n<\/p>\n<p>Dimanche : ferm\u00e9\n<\/p>\n<h2><b>INFORMATIONS P\u00c9DAGOGIQUES<\/b>\n<\/h2>\n<p><label> Derni\u00e8re \u00e9cole\/universit\u00e9 fr\u00e9quent\u00e9e <\/label><span class=\"wpcf7-form-control-wrap\" data-name=\"school-name\"><input size=\"40\" maxlength=\"400\" class=\"wpcf7-form-control wpcf7-text\" aria-invalid=\"false\" value=\"\" type=\"text\" name=\"school-name\" \/><\/span>\n<\/p>\n<p><label> Emplacement <\/label><span class=\"wpcf7-form-control-wrap\" data-name=\"school-location\"><input size=\"40\" maxlength=\"400\" class=\"wpcf7-form-control wpcf7-text\" aria-invalid=\"false\" value=\"\" type=\"text\" name=\"school-location\" \/><\/span>\n<\/p>\n<p><label> Type d'\u00e9cole <\/label><span class=\"wpcf7-form-control-wrap\" data-name=\"radio-768\"><span class=\"wpcf7-form-control wpcf7-radio\"><span class=\"wpcf7-list-item first\"><input type=\"radio\" name=\"radio-768\" value=\"High School\" \/><span class=\"wpcf7-list-item-label\">Lyc\u00e9e<\/span><\/span><span class=\"wpcf7-list-item\"><input type=\"radio\" name=\"radio-768\" value=\"CEGEP\" \/><span class=\"wpcf7-list-item-label\">CEGEP<\/span><\/span><span class=\"wpcf7-list-item last\"><input type=\"radio\" name=\"radio-768\" value=\"University\" \/><span class=\"wpcf7-list-item-label\">Universit\u00e9<\/span><\/span><\/span><\/span>\n<\/p>\n<p><label> \u00cates-vous toujours \u00e9tudiant ? <\/label><span class=\"wpcf7-form-control-wrap\" data-name=\"radio-769\"><span class=\"wpcf7-form-control wpcf7-radio\"><span class=\"wpcf7-list-item first\"><input type=\"radio\" name=\"radio-769\" value=\"Yes\" \/><span class=\"wpcf7-list-item-label\">Oui<\/span><\/span><span class=\"wpcf7-list-item last\"><input type=\"radio\" name=\"radio-769\" value=\"No\" \/><span class=\"wpcf7-list-item-label\">Non<\/span><\/span><\/span><\/span>\n<\/p>\n<p><label> As-tu eu ton dipl\u00f4me ? <\/label><span class=\"wpcf7-form-control-wrap\" data-name=\"radio-770\"><span class=\"wpcf7-form-control wpcf7-radio\"><span class=\"wpcf7-list-item first\"><input type=\"radio\" name=\"radio-770\" value=\"Yes\" \/><span class=\"wpcf7-list-item-label\">Oui<\/span><\/span><span class=\"wpcf7-list-item last\"><input type=\"radio\" name=\"radio-770\" value=\"No\" \/><span class=\"wpcf7-list-item-label\">Non<\/span><\/span><\/span><\/span>\n<\/p>\n<p><label> Dipl\u00f4me \/ programme d'\u00e9tudes (le cas \u00e9ch\u00e9ant) <\/label><span class=\"wpcf7-form-control-wrap\" data-name=\"degree\"><input size=\"40\" maxlength=\"400\" class=\"wpcf7-form-control wpcf7-text\" aria-invalid=\"false\" value=\"\" type=\"text\" name=\"degree\" \/><\/span>\n<\/p>\n<h2><b>L'EXP\u00c9RIENCE PROFESSIONNELLE<\/b>\n<\/h2>\n<h4>EMPLOYEUR #1 (le plus r\u00e9cent)\n<\/h4>\n<p><label> Nom de l'entreprise <\/label><span class=\"wpcf7-form-control-wrap\" data-name=\"company-name-1\"><input size=\"40\" maxlength=\"400\" class=\"wpcf7-form-control wpcf7-text\" aria-invalid=\"false\" value=\"\" type=\"text\" name=\"company-name-1\" \/><\/span>\n<\/p>\n<p><label> Superviseur <\/label><span class=\"wpcf7-form-control-wrap\" data-name=\"supervisor-1\"><input size=\"40\" maxlength=\"400\" class=\"wpcf7-form-control wpcf7-text\" aria-invalid=\"false\" value=\"\" type=\"text\" name=\"supervisor-1\" \/><\/span>\n<\/p>\n<p><label> Adresse <\/label><span class=\"wpcf7-form-control-wrap\" data-name=\"company-address-1\"><input size=\"40\" maxlength=\"400\" class=\"wpcf7-form-control wpcf7-text\" aria-invalid=\"false\" value=\"\" type=\"text\" name=\"company-address-1\" \/><\/span>\n<\/p>\n<p><label> Num\u00e9ro de t\u00e9l\u00e9phone <\/label><span class=\"wpcf7-form-control-wrap\" data-name=\"company-phone-1\"><input size=\"40\" maxlength=\"400\" class=\"wpcf7-form-control wpcf7-text\" aria-invalid=\"false\" value=\"\" type=\"text\" name=\"company-phone-1\" \/><\/span>\n<\/p>\n<p><label> Titre du poste et description du poste <\/label><span class=\"wpcf7-form-control-wrap\" data-name=\"textarea-471\"><textarea cols=\"5\" rows=\"3\" maxlength=\"2000\" class=\"wpcf7-form-control wpcf7-textarea\" aria-invalid=\"false\" name=\"textarea-471\"><\/textarea><\/span>\n<\/p>\n<p><b>Dates d'embauche<\/b>\n<\/p>\n<p><label> D\u00e9but : <\/label><span class=\"wpcf7-form-control-wrap\" data-name=\"date-956\"><input class=\"wpcf7-form-control wpcf7-date wpcf7-validates-as-date\" aria-invalid=\"false\" value=\"\" type=\"date\" name=\"date-956\" \/><\/span>\n<\/p>\n<p><label> Fin : <\/label><span class=\"wpcf7-form-control-wrap\" data-name=\"date-957\"><input class=\"wpcf7-form-control wpcf7-date wpcf7-validates-as-date\" aria-invalid=\"false\" value=\"\" type=\"date\" name=\"date-957\" \/><\/span>\n<\/p>\n<p><label> Raison pour quitter <\/label><span class=\"wpcf7-form-control-wrap\" data-name=\"textarea-472\"><textarea cols=\"5\" rows=\"3\" maxlength=\"2000\" class=\"wpcf7-form-control wpcf7-textarea\" aria-invalid=\"false\" name=\"textarea-472\"><\/textarea><\/span>\n<\/p>\n<h4>EMPLOYEUR #2\n<\/h4>\n<p><label> Nom de l'entreprise <\/label><span class=\"wpcf7-form-control-wrap\" data-name=\"company-name-2\"><input size=\"40\" maxlength=\"400\" class=\"wpcf7-form-control wpcf7-text\" aria-invalid=\"false\" value=\"\" type=\"text\" name=\"company-name-2\" \/><\/span>\n<\/p>\n<p><label> Superviseur <\/label><span class=\"wpcf7-form-control-wrap\" data-name=\"supervisor-2\"><input size=\"40\" maxlength=\"400\" class=\"wpcf7-form-control wpcf7-text\" aria-invalid=\"false\" value=\"\" type=\"text\" name=\"supervisor-2\" \/><\/span>\n<\/p>\n<p><label> Adresse <\/label><span class=\"wpcf7-form-control-wrap\" data-name=\"company-address-2\"><input size=\"40\" maxlength=\"400\" class=\"wpcf7-form-control wpcf7-text\" aria-invalid=\"false\" value=\"\" type=\"text\" name=\"company-address-2\" \/><\/span>\n<\/p>\n<p><label> Num\u00e9ro de t\u00e9l\u00e9phone <\/label><span class=\"wpcf7-form-control-wrap\" data-name=\"company-phone-2\"><input size=\"40\" maxlength=\"400\" class=\"wpcf7-form-control wpcf7-text\" aria-invalid=\"false\" value=\"\" type=\"text\" name=\"company-phone-2\" \/><\/span>\n<\/p>\n<p><label> Titre du poste et description du poste <\/label><span class=\"wpcf7-form-control-wrap\" data-name=\"textarea-473\"><textarea cols=\"5\" rows=\"3\" maxlength=\"2000\" class=\"wpcf7-form-control wpcf7-textarea\" aria-invalid=\"false\" name=\"textarea-473\"><\/textarea><\/span>\n<\/p>\n<p><b>Dates d'embauche<\/b>\n<\/p>\n<p><label> D\u00e9but : <\/label><span class=\"wpcf7-form-control-wrap\" data-name=\"date-958\"><input class=\"wpcf7-form-control wpcf7-date wpcf7-validates-as-date\" aria-invalid=\"false\" value=\"\" type=\"date\" name=\"date-958\" \/><\/span>\n<\/p>\n<p><label> Fin : <\/label><span class=\"wpcf7-form-control-wrap\" data-name=\"date-959\"><input class=\"wpcf7-form-control wpcf7-date wpcf7-validates-as-date\" aria-invalid=\"false\" value=\"\" type=\"date\" name=\"date-959\" \/><\/span>\n<\/p>\n<p><label> Raison pour quitter <\/label><span class=\"wpcf7-form-control-wrap\" data-name=\"textarea-474\"><textarea cols=\"5\" rows=\"3\" maxlength=\"2000\" class=\"wpcf7-form-control wpcf7-textarea\" aria-invalid=\"false\" name=\"textarea-474\"><\/textarea><\/span>\n<\/p>\n<p><input class=\"wpcf7-form-control wpcf7-submit has-spinner\" type=\"submit\" value=\"Soumettre\" \/>\n<\/p><input type='hidden' class='wpcf7-pum' value='{\"closepopup\":false,\"closedelay\":0,\"openpopup\":false,\"openpopup_id\":0}' \/><div class=\"wpcf7-response-output\" aria-hidden=\"true\"><\/div>\n<input type=\"hidden\" name=\"trp-form-language\" value=\"fr\"\/><\/form>\n<\/div>\n<\/div><\/div><\/div><div class=\"wpb_column vc_column_container vc_col-sm-3\"><div class=\"vc_column-inner\"><div class=\"wpb_wrapper\"><\/div><\/div><\/div><\/div><\/div><\/div><\/div><\/div><\/div><div class=\"container\"><div class=\"vc_row wpb_row vc_row-fluid\"><div class=\"wpb_column vc_column_container vc_col-sm-12\"><div class=\"vc_column-inner\"><div class=\"wpb_wrapper\"><div class=\"vc_empty_space\"   style=\"height: 32px\"><span class=\"vc_empty_space_inner\"><\/span><\/div><\/div><\/div><\/div><\/div><\/div>\n<\/div>","protected":false},"excerpt":{"rendered":"ONLINE JOB APPLICATION National is an equal opportunity employer. As such, we do not discriminate against any applicant for employment on the basis of race, colour, creed, religion, sex, age, sexual orientation, national origin, ancestry, disability, or any other trait as required by federal, provincial and local law. PERSONAL INFORMATION * First Name * Last<div class=\"klb-readmore\"><a href=\"https:\/\/www.nationalfoodshop.ca\/fr\/apply-online\/\" class=\"btn\">READ MORE<\/a><\/div>","protected":false},"author":1,"featured_media":0,"parent":0,"menu_order":0,"comment_status":"closed","ping_status":"closed","template":"","meta":{"footnotes":""},"class_list":["post-1928","page","type-page","status-publish","hentry","blog_entry clearfix"],"_links":{"self":[{"href":"https:\/\/www.nationalfoodshop.ca\/fr\/wp-json\/wp\/v2\/pages\/1928","targetHints":{"allow":["GET"]}}],"collection":[{"href":"https:\/\/www.nationalfoodshop.ca\/fr\/wp-json\/wp\/v2\/pages"}],"about":[{"href":"https:\/\/www.nationalfoodshop.ca\/fr\/wp-json\/wp\/v2\/types\/page"}],"author":[{"embeddable":true,"href":"https:\/\/www.nationalfoodshop.ca\/fr\/wp-json\/wp\/v2\/users\/1"}],"replies":[{"embeddable":true,"href":"https:\/\/www.nationalfoodshop.ca\/fr\/wp-json\/wp\/v2\/comments?post=1928"}],"version-history":[{"count":0,"href":"https:\/\/www.nationalfoodshop.ca\/fr\/wp-json\/wp\/v2\/pages\/1928\/revisions"}],"wp:attachment":[{"href":"https:\/\/www.nationalfoodshop.ca\/fr\/wp-json\/wp\/v2\/media?parent=1928"}],"curies":[{"name":"wp","href":"https:\/\/api.w.org\/{rel}","templated":true}]}}