{"id":1799,"date":"2019-12-16T15:16:13","date_gmt":"2019-12-16T20:16:13","guid":{"rendered":"https:\/\/www.nationalfoodshop.ca\/?page_id=1799"},"modified":"2022-05-03T11:35:51","modified_gmt":"2022-05-03T15:35:51","slug":"privacy-policy","status":"publish","type":"page","link":"https:\/\/www.nationalfoodshop.ca\/fr\/privacy-policy\/","title":{"rendered":"Politique de confidentialit\u00e9"},"content":{"rendered":"<div class=\"wpb-content-wrapper\"><div class=\"container\"><div class=\"vc_row wpb_row vc_row-fluid form_background\"><div class=\"wpb_column vc_column_container vc_col-sm-12\"><div class=\"vc_column-inner\"><div class=\"wpb_wrapper\">\n\t<div class=\"wpb_text_column wpb_content_element vc_separator3\" >\n\t\t<div class=\"wpb_wrapper\">\n\t\t\t<h2>POLITIQUE DE CONFIDENTIALIT\u00c9<\/h2>\n\n\t\t<\/div>\n\t<\/div>\n<div class=\"vc_row wpb_row vc_inner vc_row-fluid\"><div class=\"wpb_column vc_column_container vc_col-sm-12\"><div class=\"vc_column-inner\"><div class=\"wpb_wrapper\">\n\t<div class=\"wpb_text_column wpb_content_element\" >\n\t\t<div class=\"wpb_wrapper\">\n\t\t\t<p>Chez\u00a0<strong>National<\/strong>, nous r\u00e9alisons que de nombreux clients sont pr\u00e9occup\u00e9s par les informations priv\u00e9es qu'ils nous fournissent et par la mani\u00e8re dont nous traitons ces informations. Veuillez lire la suite pour plus de d\u00e9tails sur notre politique de confidentialit\u00e9 ou n'h\u00e9sitez pas \u00e0 nous contacter \u00e0<em> <a href=\"mailto:info@nationalfoodshop.ca\">info@nationalfoodshop.ca<\/a><\/em> si vous avez des questions ou des pr\u00e9occupations.<\/p>\n<h2><strong>DE QUELLES INFORMATIONS AVONS-NOUS BESOIN ET COMMENT LES UTILISONS-NOUS ?<\/strong><\/h2>\n<p>Lorsque vous passez une commande, nous aurons besoin de votre nom, de votre adresse e-mail (de votre num\u00e9ro de t\u00e9l\u00e9phone) (pour vous informer de l'\u00e9tat de votre commande), de l'adresse de livraison physique, du num\u00e9ro de carte de cr\u00e9dit et de la date d'expiration (si vous payez par carte de cr\u00e9dit). Ces informations nous permettent de traiter et d'ex\u00e9cuter votre commande de la mani\u00e8re la plus efficace.<\/p>\n<p class=\"translation-block\">Si vous participez \u00e0 l'une de nos offres promotionnelles, nous pouvons vous demander votre nom, votre adresse e-mail et votre adresse postale afin que nous puissions vous informer des futurs \u00e9v\u00e9nements et promotions qui pourraient vous int\u00e9resser. Ces informations ne seront ni partag\u00e9es ni distribu\u00e9es \u00e0 une entit\u00e9 ext\u00e9rieure.<\/p>\n<p class=\"translation-block\">Lorsque vous vous inscrivez sur notre site Web, vous pouvez avoir la possibilit\u00e9 d'\u00eatre ajout\u00e9 \u00e0 notre liste de diffusion. Nous utilisons ces informations pour vous informer des modifications importantes apport\u00e9es \u00e0 notre site Web, des nouveaux produits et services et des offres sp\u00e9ciales int\u00e9ressantes. Si vous d\u00e9cidez plus tard que vous ne souhaitez pas recevoir de telles informations de notre part, vous pouvez modifier vos pr\u00e9f\u00e9rences en visitant votre page \u00ab Mon compte \u00bb ou en nous envoyant un courriel \u00e0 <a href=\"mailto:info@nationalfoodshop.ca\" target=\"_self\"><em>info@nationalfoodshop.ca<\/em><\/a>.<\/p>\n<h2><strong>EST-CE QUE NATIONAL DIVULGUE MES INFORMATIONS \u00c0 D'AUTRES ENTREPRISES ?<\/strong><\/h2>\n<p>Si vous commandez un produit chez nous, vous \u00eates inscrit dans notre fichier client. Nous ne vendons pas notre liste ni ne partageons le fichier client avec d'autres soci\u00e9t\u00e9s.<\/p>\n<h2><strong>QU'EN EST-IL DES \u00ab COOKIES \u00bb ?<\/strong><\/h2>\n<p class=\"translation-block\">Comme la plupart des sites Web, <a href=\"https:\/\/www.nationalfoodshop.ca\/fr\/\" target=\"_self\"><em>nationalfoodshop.ca<\/em><\/a>  utilise la technologie des \u00ab cookies \u00bb pour assurer une exp\u00e9rience de magasinage facile et sans tracas. Les \u00ab cookies \u00bb sont de petits \u00e9l\u00e9ments d'information stock\u00e9s sur le disque dur de votre ordinateur. Ils ne r\u00e9v\u00e8lent aucune information personnelle vous concernant, ne nous fournissent aucun moyen de vous contacter ou d'obtenir des informations sur votre ordinateur. Les \u00ab cookies \u00bb nous permettent simplement d'am\u00e9liorer votre exp\u00e9rience d'achat globale.<\/p>\n<h2><strong>VOTRE CONSENTEMENT<\/strong><\/h2>\n<p class=\"translation-block\">En utilisant notre site Web, vous avez donn\u00e9 votre consentement \u00e0 nos conditions de confidentialit\u00e9 et \u00e0 la mani\u00e8re dont nous collectons et utilisons les informations personnelles. Si nous d\u00e9cidons de modifier notre politique, nous publierons ces changements sur cette page afin que vous soyez au courant de la nouvelle politique. Consultez cette page de temps \u00e0 autre pour voir si notre politique a \u00e9t\u00e9 modifi\u00e9e ou mise \u00e0 jour. N'oubliez pas que nous nous engageons \u00e0 prot\u00e9ger votre vie priv\u00e9e. Si vous avez des questions ou des commentaires sur notre politique de confidentialit\u00e9, \u00e9crivez-nous \u00e0 <em><a href=\"mailto:info@nationalfoodshop.ca\" target=\"_self\">info@nationalfoodshop.ca<\/a><\/em>.<\/p>\n\n\t\t<\/div>\n\t<\/div>\n<\/div><\/div><\/div><\/div><\/div><\/div><\/div><\/div><\/div><div class=\"container\"><div class=\"vc_row wpb_row vc_row-fluid\"><div class=\"wpb_column vc_column_container vc_col-sm-12\"><div class=\"vc_column-inner\"><div class=\"wpb_wrapper\"><div class=\"vc_empty_space\"   style=\"height: 32px\"><span class=\"vc_empty_space_inner\"><\/span><\/div><\/div><\/div><\/div><\/div><\/div>\n<\/div>","protected":false},"excerpt":{"rendered":"PRIVACY POLICY At\u00a0National, we realize many customers are concerned about the private information they provide us and how we deal with that information. Please read on for more details about our privacy policy or feel free to contact us at info@nationalfoodshop.ca if you have questions or concerns. WHAT INFORMATION DO WE NEED AND HOW DO<div class=\"klb-readmore\"><a href=\"https:\/\/www.nationalfoodshop.ca\/fr\/privacy-policy\/\" class=\"btn\">READ MORE<\/a><\/div>","protected":false},"author":1,"featured_media":0,"parent":0,"menu_order":0,"comment_status":"closed","ping_status":"closed","template":"","meta":{"footnotes":""},"class_list":["post-1799","page","type-page","status-publish","hentry","blog_entry clearfix"],"_links":{"self":[{"href":"https:\/\/www.nationalfoodshop.ca\/fr\/wp-json\/wp\/v2\/pages\/1799","targetHints":{"allow":["GET"]}}],"collection":[{"href":"https:\/\/www.nationalfoodshop.ca\/fr\/wp-json\/wp\/v2\/pages"}],"about":[{"href":"https:\/\/www.nationalfoodshop.ca\/fr\/wp-json\/wp\/v2\/types\/page"}],"author":[{"embeddable":true,"href":"https:\/\/www.nationalfoodshop.ca\/fr\/wp-json\/wp\/v2\/users\/1"}],"replies":[{"embeddable":true,"href":"https:\/\/www.nationalfoodshop.ca\/fr\/wp-json\/wp\/v2\/comments?post=1799"}],"version-history":[{"count":0,"href":"https:\/\/www.nationalfoodshop.ca\/fr\/wp-json\/wp\/v2\/pages\/1799\/revisions"}],"wp:attachment":[{"href":"https:\/\/www.nationalfoodshop.ca\/fr\/wp-json\/wp\/v2\/media?parent=1799"}],"curies":[{"name":"wp","href":"https:\/\/api.w.org\/{rel}","templated":true}]}}