{"id":1777,"date":"2019-12-16T12:58:30","date_gmt":"2019-12-16T17:58:30","guid":{"rendered":"https:\/\/www.nationalfoodshop.ca\/?page_id=1777"},"modified":"2020-06-07T14:54:42","modified_gmt":"2020-06-07T18:54:42","slug":"our-guarantee","status":"publish","type":"page","link":"https:\/\/www.nationalfoodshop.ca\/fr\/our-guarantee\/","title":{"rendered":"Notre garantie"},"content":{"rendered":"<div class=\"wpb-content-wrapper\"><div class=\"container\"><div class=\"vc_row wpb_row vc_row-fluid form_background\"><div class=\"wpb_column vc_column_container vc_col-sm-12\"><div class=\"vc_column-inner\"><div class=\"wpb_wrapper\">\n\t<div class=\"wpb_text_column wpb_content_element vc_separator3\" >\n\t\t<div class=\"wpb_wrapper\">\n\t\t\t<h2>NOTRE GARANTIE<\/h2>\n\n\t\t<\/div>\n\t<\/div>\n<div class=\"vc_row wpb_row vc_inner vc_row-fluid\"><div class=\"wpb_column vc_column_container vc_col-sm-9\"><div class=\"vc_column-inner\"><div class=\"wpb_wrapper\">\n\t<div class=\"wpb_text_column wpb_content_element\" >\n\t\t<div class=\"wpb_wrapper\">\n\t\t\t<h2><strong>MARCH\u00c9 EN LIGNE NATIONAL GARANTIE DE SATISFACTION \u00c0 100 %<\/strong><\/h2>\n<p>You or those who receive your order must be absolutely satisfied or we\u2019ll make it right with either an appropriate replacement or refund.<\/p>\n<p>Nous sommes en affaires depuis plus de 90 ans, nous pensons donc que nous sommes plut\u00f4t bons dans le domaine de la satisfaction des clients. Cependant, nous sommes quand m\u00eame des \u00eatres humains et donc des erreurs se produisent.<\/p>\n<p>Donc, si vous rencontrez un probl\u00e8me avec l'un de nos produits, veuillez nous en informer. Nous nous engageons \u00e0 faire tout ce qui est en notre pouvoir pour vous satisfaire !<\/p>\n<p>S'il vous pla\u00eet n'h\u00e9sitez pas \u00e0\u00a0<a href=\"https:\/\/www.nationalfoodshop.ca\/fr\/contact-us\/\">nous contacter<\/a>. Il nous fera plaisir de vous assister.<\/p>\n<p>Nous vous remercions de votre confiance et de votre soutien !<\/p>\n\n\t\t<\/div>\n\t<\/div>\n<\/div><\/div><\/div><div class=\"wpb_column vc_column_container vc_col-sm-3\"><div class=\"vc_column-inner\"><div class=\"wpb_wrapper\">\n\t<div  class=\"wpb_single_image wpb_content_element vc_align_right wpb_content_element\">\n\t\t\n\t\t<figure class=\"wpb_wrapper vc_figure\">\n\t\t\t<div class=\"vc_single_image-wrapper   vc_box_border_grey\"><\/div>\n\t\t<\/figure>\n\t<\/div>\n<\/div><\/div><\/div><\/div><\/div><\/div><\/div><\/div><\/div><div class=\"container\"><div class=\"vc_row wpb_row vc_row-fluid\"><div class=\"wpb_column vc_column_container vc_col-sm-12\"><div class=\"vc_column-inner\"><div class=\"wpb_wrapper\"><div class=\"vc_empty_space\"   style=\"height: 32px\"><span class=\"vc_empty_space_inner\"><\/span><\/div><\/div><\/div><\/div><\/div><\/div>\n<\/div>","protected":false},"excerpt":{"rendered":"OUR GUARANTEE NATIONAL\u2019S ONLINE MARKET 100% SATISFACTION GUARANTEE You or those who receive your order must be absolutely satisfied or we'll make it right with either an appropriate replacement or refund. We have been in business for over 90 years so we think we\u2019re pretty good at keeping our customers 100% satisfied. However, we\u2019re certainly<div class=\"klb-readmore\"><a href=\"https:\/\/www.nationalfoodshop.ca\/fr\/our-guarantee\/\" class=\"btn\">READ MORE<\/a><\/div>","protected":false},"author":1,"featured_media":0,"parent":0,"menu_order":0,"comment_status":"closed","ping_status":"closed","template":"","meta":{"footnotes":""},"class_list":["post-1777","page","type-page","status-publish","hentry","blog_entry clearfix"],"_links":{"self":[{"href":"https:\/\/www.nationalfoodshop.ca\/fr\/wp-json\/wp\/v2\/pages\/1777","targetHints":{"allow":["GET"]}}],"collection":[{"href":"https:\/\/www.nationalfoodshop.ca\/fr\/wp-json\/wp\/v2\/pages"}],"about":[{"href":"https:\/\/www.nationalfoodshop.ca\/fr\/wp-json\/wp\/v2\/types\/page"}],"author":[{"embeddable":true,"href":"https:\/\/www.nationalfoodshop.ca\/fr\/wp-json\/wp\/v2\/users\/1"}],"replies":[{"embeddable":true,"href":"https:\/\/www.nationalfoodshop.ca\/fr\/wp-json\/wp\/v2\/comments?post=1777"}],"version-history":[{"count":0,"href":"https:\/\/www.nationalfoodshop.ca\/fr\/wp-json\/wp\/v2\/pages\/1777\/revisions"}],"wp:attachment":[{"href":"https:\/\/www.nationalfoodshop.ca\/fr\/wp-json\/wp\/v2\/media?parent=1777"}],"curies":[{"name":"wp","href":"https:\/\/api.w.org\/{rel}","templated":true}]}}