{"id":1774,"date":"2019-12-16T12:46:30","date_gmt":"2019-12-16T17:46:30","guid":{"rendered":"https:\/\/www.nationalfoodshop.ca\/?page_id=1774"},"modified":"2022-04-27T08:41:31","modified_gmt":"2022-04-27T12:41:31","slug":"employment","status":"publish","type":"page","link":"https:\/\/www.nationalfoodshop.ca\/fr\/employment\/","title":{"rendered":"Emploi"},"content":{"rendered":"<div class=\"wpb-content-wrapper\"><div class=\"container\"><div class=\"vc_row wpb_row vc_row-fluid form_background\"><div class=\"wpb_column vc_column_container vc_col-sm-12\"><div class=\"vc_column-inner\"><div class=\"wpb_wrapper\">\n\t<div class=\"wpb_text_column wpb_content_element vc_separator3\" >\n\t\t<div class=\"wpb_wrapper\">\n\t\t\t<h2>EMPLOI<\/h2>\n\n\t\t<\/div>\n\t<\/div>\n<div class=\"vc_row wpb_row vc_inner vc_row-fluid\"><div class=\"wpb_column vc_column_container vc_col-sm-12\"><div class=\"vc_column-inner\"><div class=\"wpb_wrapper\">\n\t<div class=\"wpb_text_column wpb_content_element\" >\n\t\t<div class=\"wpb_wrapper\">\n\t\t\t<p class=\"translation-block\">Travailler chez <strong>National<\/strong>, c'est bien plus qu'un simple travail, c'est une fa\u00e7on d'exprimer votre bon go\u00fbt ! Chaque jour, vous serez dans un environnement o\u00f9 vous d\u00e9couvrirez les produits les plus frais, les meilleures \u00e9piceries sp\u00e9cialis\u00e9es et un bar \u00e0 salades et \u00e0 sushis anim\u00e9. Mieux encore, vous partagerez toutes ces offres d\u00e9licieuses avec des gourmands reconnaissants et fid\u00e8les qui comprennent la v\u00e9ritable valeur de l'exp\u00e9rience de magasinage <strong>National<\/strong>.<\/p>\n<p class=\"translation-block\">Nous offrons un salaire comp\u00e9titif, des avantages sociaux et des articles d'\u00e9picerie \u00e0 prix r\u00e9duit. Postulez chez <strong>National<\/strong> d\u00e8s aujourd'hui!<\/p>\n<p>Pour postuler, vous pouvez soit d\u00e9poser votre C\/V en personne \u00e0 :<\/p>\n<p><strong>Les Aliments National<\/strong><br \/>\n4903 rue Sherbrooke ouest<br \/>\nWestmount, QC, H3Z 1H2<\/p>\n<p>ou alors<\/p>\n<p>envoyez votre C\/V par courriel \u00e0 : <em><a href=\"mailto:info@nationalfoodshop.ca\">info@nationalfoodshop.ca<\/a><\/em><\/p>\n<p>ou alors<\/p>\n<p><a href=\"https:\/\/www.nationalfoodshop.ca\/fr\/apply-online\/\">Remplissez une demande en ligne<\/a><\/p>\n\n\t\t<\/div>\n\t<\/div>\n<\/div><\/div><\/div><\/div><\/div><\/div><\/div><\/div><\/div><div class=\"container\"><div class=\"vc_row wpb_row vc_row-fluid\"><div class=\"wpb_column vc_column_container vc_col-sm-12\"><div class=\"vc_column-inner\"><div class=\"wpb_wrapper\"><div class=\"vc_empty_space\"   style=\"height: 32px\"><span class=\"vc_empty_space_inner\"><\/span><\/div><\/div><\/div><\/div><\/div><\/div>\n<\/div>","protected":false},"excerpt":{"rendered":"EMPLOYMENT Working at National is much more than just a job - it's a way to express your good taste! Every day, you'll be in an environment where you'll experience the freshest produce, the finest specialty groceries and a buzzing salad and sushi bar. Best of all, you'll share all of these delectable offerings with<div class=\"klb-readmore\"><a href=\"https:\/\/www.nationalfoodshop.ca\/fr\/employment\/\" class=\"btn\">READ MORE<\/a><\/div>","protected":false},"author":1,"featured_media":0,"parent":0,"menu_order":0,"comment_status":"closed","ping_status":"closed","template":"","meta":{"footnotes":""},"class_list":["post-1774","page","type-page","status-publish","hentry","blog_entry clearfix"],"_links":{"self":[{"href":"https:\/\/www.nationalfoodshop.ca\/fr\/wp-json\/wp\/v2\/pages\/1774","targetHints":{"allow":["GET"]}}],"collection":[{"href":"https:\/\/www.nationalfoodshop.ca\/fr\/wp-json\/wp\/v2\/pages"}],"about":[{"href":"https:\/\/www.nationalfoodshop.ca\/fr\/wp-json\/wp\/v2\/types\/page"}],"author":[{"embeddable":true,"href":"https:\/\/www.nationalfoodshop.ca\/fr\/wp-json\/wp\/v2\/users\/1"}],"replies":[{"embeddable":true,"href":"https:\/\/www.nationalfoodshop.ca\/fr\/wp-json\/wp\/v2\/comments?post=1774"}],"version-history":[{"count":0,"href":"https:\/\/www.nationalfoodshop.ca\/fr\/wp-json\/wp\/v2\/pages\/1774\/revisions"}],"wp:attachment":[{"href":"https:\/\/www.nationalfoodshop.ca\/fr\/wp-json\/wp\/v2\/media?parent=1774"}],"curies":[{"name":"wp","href":"https:\/\/api.w.org\/{rel}","templated":true}]}}