{"id":1541,"date":"2019-12-11T10:34:22","date_gmt":"2019-12-11T15:34:22","guid":{"rendered":"https:\/\/www.nationalfoodshop.ca\/?page_id=1541"},"modified":"2022-05-03T12:23:45","modified_gmt":"2022-05-03T16:23:45","slug":"delivery-info","status":"publish","type":"page","link":"https:\/\/www.nationalfoodshop.ca\/fr\/delivery-info\/","title":{"rendered":"Informations de livraison"},"content":{"rendered":"<div class=\"wpb-content-wrapper\"><div class=\"container\"><div class=\"vc_row wpb_row vc_row-fluid form_background\"><div class=\"wpb_column vc_column_container vc_col-sm-12\"><div class=\"vc_column-inner\"><div class=\"wpb_wrapper\">\n\t<div class=\"wpb_text_column wpb_content_element vc_separator3\" >\n\t\t<div class=\"wpb_wrapper\">\n\t\t\t<h2>Informations de livraison<\/h2>\n\n\t\t<\/div>\n\t<\/div>\n\n\t<div class=\"wpb_text_column wpb_content_element\" >\n\t\t<div class=\"wpb_wrapper\">\n\t\t\t<p class=\"translation-block\">\u2013 Les livraisons sont effectu\u00e9es du <strong>lundi au vendredi entre 11h00 et 16h00.<\/strong> Veuillez vous assurer que quelqu'un sera \u00e0 la maison pendant ces heures pour recevoir le bon de livraison.<\/p>\n<p class=\"translation-block\">\u2013 Il n'y a <strong>AUCUNE livraison le samedi ou le dimanche.<\/strong><\/p>\n<p>\u2013 Les commandes pass\u00e9es apr\u00e8s 11h00 seront g\u00e9n\u00e9ralement livr\u00e9es le jour de livraison suivant pendant les heures de livraison indiqu\u00e9es ci-dessus. Les commandes sont ex\u00e9cut\u00e9es selon le principe du premier arriv\u00e9, premier servi. Nous vous demandons de planifier vos commandes \u00e0 l'avance en cons\u00e9quence.<\/p>\n<p>\u2013 Les commandes pass\u00e9es le week-end seront livr\u00e9es le lundi pendant les heures de livraison indiqu\u00e9es ci-dessus.<\/p>\n<p>\u2013 National offre la livraison locale UNIQUEMENT pour les adresses dans les quartiers et codes postaux suivants (surlign\u00e9s en vert dans la carte des zones ci-dessous) :<\/p>\n<p style=\"text-align: center;\"><strong>Westmount (H3Y, H3Z)<\/strong><\/p>\n<p style=\"text-align: center;\"><strong>Hampstead (H3X)<\/strong><\/p>\n<p style=\"text-align: center;\"><strong>Notre-Dame des Gr\u00e2ces (H4A)<\/strong><\/p>\n<p style=\"text-align: center;\"><strong>Centre-ville (H3G, H3H)<\/strong><\/p>\n<p class=\"translation-block\">\u2013 Frais fixes de <strong>5 $<\/strong> pour toutes les commandes de livraison.<\/p>\n\n\t\t<\/div>\n\t<\/div>\n<div class=\"vc_empty_space\"   style=\"height: 14px\"><span class=\"vc_empty_space_inner\"><\/span><\/div>\n\t<div  class=\"wpb_single_image wpb_content_element vc_align_center wpb_content_element\">\n\t\t\n\t\t<figure class=\"wpb_wrapper vc_figure\">\n\t\t\t<div class=\"vc_single_image-wrapper vc_box_shadow_circle  vc_box_border_grey\"><img decoding=\"async\" class=\"vc_single_image-img\" src=\"https:\/\/www.nationalfoodshop.ca\/wp-content\/uploads\/2022\/05\/national-delivery-limits-2-600x600.jpg\" width=\"600\" height=\"600\" alt=\"national-delivery-limits-2\" title=\"national-delivery-limits-2\" loading=\"lazy\" \/><\/div>\n\t\t<\/figure>\n\t<\/div>\n<\/div><\/div><\/div><\/div><\/div><div class=\"container\"><div class=\"vc_row wpb_row vc_row-fluid\"><div class=\"wpb_column vc_column_container vc_col-sm-12\"><div class=\"vc_column-inner\"><div class=\"wpb_wrapper\"><div class=\"vc_empty_space\"   style=\"height: 32px\"><span class=\"vc_empty_space_inner\"><\/span><\/div><\/div><\/div><\/div><\/div><\/div>\n<\/div>","protected":false},"excerpt":{"rendered":"DELIVERY INFO - Deliveries are made on Monday to Friday between 11:00 am and 4:00 pm. Please ensure someone will be home during those hours to receive the delivery order. - There are NO deliveries on Saturday or Sunday. - Orders placed after 11:00 am will generally be delivered on the next delivery day during<div class=\"klb-readmore\"><a href=\"https:\/\/www.nationalfoodshop.ca\/fr\/delivery-info\/\" class=\"btn\">READ MORE<\/a><\/div>","protected":false},"author":1,"featured_media":0,"parent":0,"menu_order":0,"comment_status":"closed","ping_status":"closed","template":"","meta":{"footnotes":""},"class_list":["post-1541","page","type-page","status-publish","hentry","blog_entry clearfix"],"_links":{"self":[{"href":"https:\/\/www.nationalfoodshop.ca\/fr\/wp-json\/wp\/v2\/pages\/1541","targetHints":{"allow":["GET"]}}],"collection":[{"href":"https:\/\/www.nationalfoodshop.ca\/fr\/wp-json\/wp\/v2\/pages"}],"about":[{"href":"https:\/\/www.nationalfoodshop.ca\/fr\/wp-json\/wp\/v2\/types\/page"}],"author":[{"embeddable":true,"href":"https:\/\/www.nationalfoodshop.ca\/fr\/wp-json\/wp\/v2\/users\/1"}],"replies":[{"embeddable":true,"href":"https:\/\/www.nationalfoodshop.ca\/fr\/wp-json\/wp\/v2\/comments?post=1541"}],"version-history":[{"count":0,"href":"https:\/\/www.nationalfoodshop.ca\/fr\/wp-json\/wp\/v2\/pages\/1541\/revisions"}],"wp:attachment":[{"href":"https:\/\/www.nationalfoodshop.ca\/fr\/wp-json\/wp\/v2\/media?parent=1541"}],"curies":[{"name":"wp","href":"https:\/\/api.w.org\/{rel}","templated":true}]}}